{"id":10,"date":"2025-05-25T16:07:29","date_gmt":"2025-05-25T16:07:29","guid":{"rendered":"https:\/\/dykkerfranklarsen.dk\/?page_id=10"},"modified":"2025-07-18T07:25:15","modified_gmt":"2025-07-18T07:25:15","slug":"dykkerfirmaet-frank-larsen","status":"publish","type":"page","link":"https:\/\/dykkerfranklarsen.dk\/index.php\/dykkerfirmaet-frank-larsen\/","title":{"rendered":"Dykkerfirmaet Frank Larsen"},"content":{"rendered":"\t\t<div data-elementor-type=\"wp-post\" data-elementor-id=\"10\" class=\"elementor elementor-10\">\n\t\t\t\t<div class=\"elementor-element elementor-element-025a290 e-flex e-con-boxed e-con e-parent\" data-id=\"025a290\" data-element_type=\"container\">\n\t\t\t\t\t<div class=\"e-con-inner\">\n\t\t\t\t<div class=\"elementor-element elementor-element-ee15758 elementor-widget elementor-widget-heading\" data-id=\"ee15758\" data-element_type=\"widget\" data-widget_type=\"heading.default\">\n\t\t\t\t<div class=\"elementor-widget-container\">\n\t\t\t\t\t<h2 class=\"elementor-heading-title elementor-size-default\">Dykkerfirmaet Frank Larsen<\/h2>\t\t\t\t<\/div>\n\t\t\t\t<\/div>\n\t\t\t\t<div class=\"elementor-element elementor-element-dae9689 elementor-widget-divider--view-line elementor-widget elementor-widget-divider\" data-id=\"dae9689\" data-element_type=\"widget\" data-widget_type=\"divider.default\">\n\t\t\t\t<div class=\"elementor-widget-container\">\n\t\t\t\t\t\t\t<div class=\"elementor-divider\">\n\t\t\t<span class=\"elementor-divider-separator\">\n\t\t\t\t\t\t<\/span>\n\t\t<\/div>\n\t\t\t\t\t\t<\/div>\n\t\t\t\t<\/div>\n\t\t\t\t<div class=\"elementor-element elementor-element-3cb3a89 elementor-widget elementor-widget-image\" data-id=\"3cb3a89\" data-element_type=\"widget\" data-widget_type=\"image.default\">\n\t\t\t\t<div class=\"elementor-widget-container\">\n\t\t\t\t\t\t\t\t\t\t\t\t\t\t\t<img fetchpriority=\"high\" decoding=\"async\" width=\"740\" height=\"1024\" src=\"https:\/\/dykkerfranklarsen.dk\/wp-content\/uploads\/2025\/05\/Dykker-Frank-Larsen_Nyt-Logo-min-740x1024.png\" class=\"attachment-large size-large wp-image-19\" alt=\"DykkerFrankLarsen Logo\" srcset=\"https:\/\/dykkerfranklarsen.dk\/wp-content\/uploads\/2025\/05\/Dykker-Frank-Larsen_Nyt-Logo-min-740x1024.png 740w, https:\/\/dykkerfranklarsen.dk\/wp-content\/uploads\/2025\/05\/Dykker-Frank-Larsen_Nyt-Logo-min-217x300.png 217w, https:\/\/dykkerfranklarsen.dk\/wp-content\/uploads\/2025\/05\/Dykker-Frank-Larsen_Nyt-Logo-min-768x1063.png 768w, https:\/\/dykkerfranklarsen.dk\/wp-content\/uploads\/2025\/05\/Dykker-Frank-Larsen_Nyt-Logo-min.png 965w\" sizes=\"(max-width: 740px) 100vw, 740px\" \/>\t\t\t\t\t\t\t\t\t\t\t\t\t\t\t<\/div>\n\t\t\t\t<\/div>\n\t\t\t\t\t<\/div>\n\t\t\t\t<\/div>\n\t\t<div class=\"elementor-element elementor-element-46e4ad8 e-flex e-con-boxed e-con e-parent\" data-id=\"46e4ad8\" data-element_type=\"container\">\n\t\t\t\t\t<div class=\"e-con-inner\">\n\t\t<div class=\"elementor-element elementor-element-9a38c74 e-con-full e-flex e-con e-child\" data-id=\"9a38c74\" data-element_type=\"container\">\n\t\t\t\t<div class=\"elementor-element elementor-element-8d0d68c e-transform elementor-widget elementor-widget-image\" data-id=\"8d0d68c\" data-element_type=\"widget\" data-settings=\"{&quot;_transform_rotateZ_effect&quot;:{&quot;unit&quot;:&quot;px&quot;,&quot;size&quot;:4,&quot;sizes&quot;:[]},&quot;_transform_rotateZ_effect_tablet&quot;:{&quot;unit&quot;:&quot;deg&quot;,&quot;size&quot;:&quot;&quot;,&quot;sizes&quot;:[]},&quot;_transform_rotateZ_effect_mobile&quot;:{&quot;unit&quot;:&quot;deg&quot;,&quot;size&quot;:&quot;&quot;,&quot;sizes&quot;:[]}}\" data-widget_type=\"image.default\">\n\t\t\t\t<div class=\"elementor-widget-container\">\n\t\t\t\t\t\t\t\t\t\t\t\t\t\t\t<img decoding=\"async\" width=\"800\" height=\"800\" data-src=\"https:\/\/dykkerfranklarsen.dk\/wp-content\/uploads\/2025\/05\/Post-it-1-med-tekst-1024x1024.webp\" class=\"attachment-large size-large wp-image-40 lazyload\" alt=\"Gul post it h\u00e6ngt med tape, hvor der st\u00e5r: Ja ja... vi ved det godt. Vi har haft verdens d\u00e5rligste hjemmeside, men du fandt os alligevel.\" data-srcset=\"https:\/\/dykkerfranklarsen.dk\/wp-content\/uploads\/2025\/05\/Post-it-1-med-tekst-1024x1024.webp 1024w, https:\/\/dykkerfranklarsen.dk\/wp-content\/uploads\/2025\/05\/Post-it-1-med-tekst-300x300.webp 300w, https:\/\/dykkerfranklarsen.dk\/wp-content\/uploads\/2025\/05\/Post-it-1-med-tekst-150x150.webp 150w, https:\/\/dykkerfranklarsen.dk\/wp-content\/uploads\/2025\/05\/Post-it-1-med-tekst-768x768.webp 768w, https:\/\/dykkerfranklarsen.dk\/wp-content\/uploads\/2025\/05\/Post-it-1-med-tekst-1536x1536.webp 1536w, https:\/\/dykkerfranklarsen.dk\/wp-content\/uploads\/2025\/05\/Post-it-1-med-tekst.webp 2000w\" data-sizes=\"(max-width: 800px) 100vw, 800px\" src=\"data:image\/svg+xml;base64,PHN2ZyB3aWR0aD0iMSIgaGVpZ2h0PSIxIiB4bWxucz0iaHR0cDovL3d3dy53My5vcmcvMjAwMC9zdmciPjwvc3ZnPg==\" style=\"--smush-placeholder-width: 800px; --smush-placeholder-aspect-ratio: 800\/800;\" \/>\t\t\t\t\t\t\t\t\t\t\t\t\t\t\t<\/div>\n\t\t\t\t<\/div>\n\t\t\t\t<\/div>\n\t\t<div class=\"elementor-element elementor-element-5c3c656 e-con-full e-flex e-con e-child\" data-id=\"5c3c656\" data-element_type=\"container\">\n\t\t\t\t<div class=\"elementor-element elementor-element-6eb5636 e-transform elementor-widget elementor-widget-image\" data-id=\"6eb5636\" data-element_type=\"widget\" data-settings=\"{&quot;_transform_rotateZ_effect&quot;:{&quot;unit&quot;:&quot;px&quot;,&quot;size&quot;:-9,&quot;sizes&quot;:[]},&quot;_transform_rotateZ_effect_tablet&quot;:{&quot;unit&quot;:&quot;deg&quot;,&quot;size&quot;:&quot;&quot;,&quot;sizes&quot;:[]},&quot;_transform_rotateZ_effect_mobile&quot;:{&quot;unit&quot;:&quot;deg&quot;,&quot;size&quot;:&quot;&quot;,&quot;sizes&quot;:[]}}\" data-widget_type=\"image.default\">\n\t\t\t\t<div class=\"elementor-widget-container\">\n\t\t\t\t\t\t\t\t\t\t\t\t\t\t\t<img decoding=\"async\" width=\"800\" height=\"800\" data-src=\"https:\/\/dykkerfranklarsen.dk\/wp-content\/uploads\/2025\/05\/Post-it-3-med-tekst-1024x1024.webp\" class=\"attachment-large size-large wp-image-50 lazyload\" alt=\"Gul post it h\u00e6ngt med tape, hvor der st\u00e5r: Nu er vi her med en rigtig hjemmeside. Vi har egentlig ikke haft brug for den, da vi er kendt overalt. Kendt for vores \u00e6rlighed, og ikke mindst vores solide h\u00e5ndv\u00e6rk og landets bedste dykkere.\" data-srcset=\"https:\/\/dykkerfranklarsen.dk\/wp-content\/uploads\/2025\/05\/Post-it-3-med-tekst-1024x1024.webp 1024w, https:\/\/dykkerfranklarsen.dk\/wp-content\/uploads\/2025\/05\/Post-it-3-med-tekst-300x300.webp 300w, https:\/\/dykkerfranklarsen.dk\/wp-content\/uploads\/2025\/05\/Post-it-3-med-tekst-150x150.webp 150w, https:\/\/dykkerfranklarsen.dk\/wp-content\/uploads\/2025\/05\/Post-it-3-med-tekst-768x768.webp 768w, https:\/\/dykkerfranklarsen.dk\/wp-content\/uploads\/2025\/05\/Post-it-3-med-tekst-1536x1536.webp 1536w, https:\/\/dykkerfranklarsen.dk\/wp-content\/uploads\/2025\/05\/Post-it-3-med-tekst.webp 2000w\" data-sizes=\"(max-width: 800px) 100vw, 800px\" src=\"data:image\/svg+xml;base64,PHN2ZyB3aWR0aD0iMSIgaGVpZ2h0PSIxIiB4bWxucz0iaHR0cDovL3d3dy53My5vcmcvMjAwMC9zdmciPjwvc3ZnPg==\" style=\"--smush-placeholder-width: 800px; --smush-placeholder-aspect-ratio: 800\/800;\" \/>\t\t\t\t\t\t\t\t\t\t\t\t\t\t\t<\/div>\n\t\t\t\t<\/div>\n\t\t\t\t<\/div>\n\t\t\t\t\t<\/div>\n\t\t\t\t<\/div>\n\t\t<div class=\"elementor-element elementor-element-e9ad7c6 e-flex e-con-boxed e-con e-parent\" data-id=\"e9ad7c6\" data-element_type=\"container\">\n\t\t\t\t\t<div class=\"e-con-inner\">\n\t\t\t\t<div class=\"elementor-element elementor-element-66d73a9 elementor-widget elementor-widget-text-editor\" data-id=\"66d73a9\" data-element_type=\"widget\" data-widget_type=\"text-editor.default\">\n\t\t\t\t<div class=\"elementor-widget-container\">\n\t\t\t\t\t\t\t\t\t<p>Vi har v\u00e6ret her i 40 \u00e5r, og n\u00e5r vi kommer med landets st\u00f8rste og mest veludrustede lastbil, s\u00e5 har vi <strong>alt<\/strong> grejet med.<br \/>&#8211; Vi skal <strong>ikke<\/strong> hjem og hente ekstra grej.<\/p>\t\t\t\t\t\t\t\t<\/div>\n\t\t\t\t<\/div>\n\t\t\t\t<div class=\"elementor-element elementor-element-5a801e6 elementor-widget elementor-widget-text-editor\" data-id=\"5a801e6\" data-element_type=\"widget\" data-widget_type=\"text-editor.default\">\n\t\t\t\t<div class=\"elementor-widget-container\">\n\t\t\t\t\t\t\t\t\t<p><strong>Vi kan vores ting.<\/strong><\/p>\t\t\t\t\t\t\t\t<\/div>\n\t\t\t\t<\/div>\n\t\t\t\t<div class=\"elementor-element elementor-element-914dee7 elementor-widget elementor-widget-text-editor\" data-id=\"914dee7\" data-element_type=\"widget\" data-widget_type=\"text-editor.default\">\n\t\t\t\t<div class=\"elementor-widget-container\">\n\t\t\t\t\t\t\t\t\t<p>Vi har aldrig v\u00e6ret konkurs eller snydt nogen.<\/p>\t\t\t\t\t\t\t\t<\/div>\n\t\t\t\t<\/div>\n\t\t\t\t\t<\/div>\n\t\t\t\t<\/div>\n\t\t<div class=\"elementor-element elementor-element-051bef4 e-flex e-con-boxed e-con e-parent\" data-id=\"051bef4\" data-element_type=\"container\">\n\t\t\t\t\t<div class=\"e-con-inner\">\n\t\t<div class=\"elementor-element elementor-element-107bde9 e-con-full e-flex e-con e-child\" data-id=\"107bde9\" data-element_type=\"container\">\n\t\t\t\t<div class=\"elementor-element elementor-element-0e8b3ea elementor-widget elementor-widget-image\" data-id=\"0e8b3ea\" data-element_type=\"widget\" data-widget_type=\"image.default\">\n\t\t\t\t<div class=\"elementor-widget-container\">\n\t\t\t\t\t\t\t\t\t\t\t\t\t\t\t<img decoding=\"async\" width=\"800\" height=\"405\" data-src=\"https:\/\/dykkerfranklarsen.dk\/wp-content\/uploads\/2025\/05\/10-meter-lastbil_Dykker-Frank-Larsen.webp\" class=\"attachment-large size-large wp-image-55 lazyload\" alt=\"Billede af en 10 meter last fyldt med v\u00e6rkt\u00f8j.\" data-srcset=\"https:\/\/dykkerfranklarsen.dk\/wp-content\/uploads\/2025\/05\/10-meter-lastbil_Dykker-Frank-Larsen.webp 847w, https:\/\/dykkerfranklarsen.dk\/wp-content\/uploads\/2025\/05\/10-meter-lastbil_Dykker-Frank-Larsen-300x152.webp 300w, https:\/\/dykkerfranklarsen.dk\/wp-content\/uploads\/2025\/05\/10-meter-lastbil_Dykker-Frank-Larsen-768x389.webp 768w\" data-sizes=\"(max-width: 800px) 100vw, 800px\" src=\"data:image\/svg+xml;base64,PHN2ZyB3aWR0aD0iMSIgaGVpZ2h0PSIxIiB4bWxucz0iaHR0cDovL3d3dy53My5vcmcvMjAwMC9zdmciPjwvc3ZnPg==\" style=\"--smush-placeholder-width: 800px; --smush-placeholder-aspect-ratio: 800\/405;\" \/>\t\t\t\t\t\t\t\t\t\t\t\t\t\t\t<\/div>\n\t\t\t\t<\/div>\n\t\t\t\t<div class=\"elementor-element elementor-element-7e9c800 elementor-align-justify elementor-widget elementor-widget-button\" data-id=\"7e9c800\" data-element_type=\"widget\" data-widget_type=\"button.default\">\n\t\t\t\t<div class=\"elementor-widget-container\">\n\t\t\t\t\t\t\t\t\t<div class=\"elementor-button-wrapper\">\n\t\t\t\t\t<a class=\"elementor-button elementor-button-link elementor-size-sm\" href=\"https:\/\/www.youtube.com\/watch?v=acCVXH0mIC4\">\n\t\t\t\t\t\t<span class=\"elementor-button-content-wrapper\">\n\t\t\t\t\t\t\t\t\t<span class=\"elementor-button-text\">Se video om vores 10 m lastbil<\/span>\n\t\t\t\t\t<\/span>\n\t\t\t\t\t<\/a>\n\t\t\t\t<\/div>\n\t\t\t\t\t\t\t\t<\/div>\n\t\t\t\t<\/div>\n\t\t\t\t<\/div>\n\t\t<div class=\"elementor-element elementor-element-dc7c619 e-con-full e-flex e-con e-child\" data-id=\"dc7c619\" data-element_type=\"container\">\n\t\t\t\t<div class=\"elementor-element elementor-element-f7f0b0d elementor-widget elementor-widget-image\" data-id=\"f7f0b0d\" data-element_type=\"widget\" data-widget_type=\"image.default\">\n\t\t\t\t<div class=\"elementor-widget-container\">\n\t\t\t\t\t\t\t\t\t\t\t\t\t\t\t<img decoding=\"async\" width=\"445\" height=\"499\" data-src=\"https:\/\/dykkerfranklarsen.dk\/wp-content\/uploads\/2025\/05\/Trailer-med-loeftebeslag_Dykker-Frank-Larsen.webp\" class=\"attachment-large size-large wp-image-56 lazyload\" alt=\"Billede af en trailer med l\u00f8ftebeslag.\" data-srcset=\"https:\/\/dykkerfranklarsen.dk\/wp-content\/uploads\/2025\/05\/Trailer-med-loeftebeslag_Dykker-Frank-Larsen.webp 445w, https:\/\/dykkerfranklarsen.dk\/wp-content\/uploads\/2025\/05\/Trailer-med-loeftebeslag_Dykker-Frank-Larsen-268x300.webp 268w\" data-sizes=\"(max-width: 445px) 100vw, 445px\" src=\"data:image\/svg+xml;base64,PHN2ZyB3aWR0aD0iMSIgaGVpZ2h0PSIxIiB4bWxucz0iaHR0cDovL3d3dy53My5vcmcvMjAwMC9zdmciPjwvc3ZnPg==\" style=\"--smush-placeholder-width: 445px; --smush-placeholder-aspect-ratio: 445\/499;\" \/>\t\t\t\t\t\t\t\t\t\t\t\t\t\t\t<\/div>\n\t\t\t\t<\/div>\n\t\t\t\t<div class=\"elementor-element elementor-element-78c58a6 elementor-align-justify elementor-widget elementor-widget-button\" data-id=\"78c58a6\" data-element_type=\"widget\" data-widget_type=\"button.default\">\n\t\t\t\t<div class=\"elementor-widget-container\">\n\t\t\t\t\t\t\t\t\t<div class=\"elementor-button-wrapper\">\n\t\t\t\t\t<a class=\"elementor-button elementor-button-link elementor-size-sm\" href=\"https:\/\/www.youtube.com\/watch?v=IIO9j4Qj81Y\">\n\t\t\t\t\t\t<span class=\"elementor-button-content-wrapper\">\n\t\t\t\t\t\t\t\t\t<span class=\"elementor-button-text\">Se video om vores trailer<\/span>\n\t\t\t\t\t<\/span>\n\t\t\t\t\t<\/a>\n\t\t\t\t<\/div>\n\t\t\t\t\t\t\t\t<\/div>\n\t\t\t\t<\/div>\n\t\t\t\t<\/div>\n\t\t\t\t\t<\/div>\n\t\t\t\t<\/div>\n\t\t<div class=\"elementor-element elementor-element-b85ec5f e-flex e-con-boxed e-con e-parent\" data-id=\"b85ec5f\" data-element_type=\"container\">\n\t\t\t\t\t<div class=\"e-con-inner\">\n\t\t\t\t<div class=\"elementor-element elementor-element-5eeaff0 elementor-widget elementor-widget-text-editor\" data-id=\"5eeaff0\" data-element_type=\"widget\" data-widget_type=\"text-editor.default\">\n\t\t\t\t<div class=\"elementor-widget-container\">\n\t\t\t\t\t\t\t\t\t<p>Vi laver <strong>alle<\/strong> de tunge, komplicerede job, ogs\u00e5 p\u00e5 fast pris.<br \/><span style=\"font-family: -apple-system, BlinkMacSystemFont, 'Segoe UI', Roboto, 'Helvetica Neue', Arial, 'Noto Sans', sans-serif, 'Apple Color Emoji', 'Segoe UI Emoji', 'Segoe UI Symbol', 'Noto Color Emoji';\">Vi har tre enheder, lastbil p\u00e5 10 meter, trailer med l\u00f8ftbeslag, samt en lille enhed p\u00e5 300 kg, der kan v\u00e6re over alt.<br \/><\/span><strong style=\"font-family: -apple-system, BlinkMacSystemFont, 'Segoe UI', Roboto, 'Helvetica Neue', Arial, 'Noto Sans', sans-serif, 'Apple Color Emoji', 'Segoe UI Emoji', 'Segoe UI Symbol', 'Noto Color Emoji';\">Mere er der ikke at sige om det.<\/strong><\/p>\t\t\t\t\t\t\t\t<\/div>\n\t\t\t\t<\/div>\n\t\t\t\t<div class=\"elementor-element elementor-element-dc02684 elementor-widget elementor-widget-text-editor\" data-id=\"dc02684\" data-element_type=\"widget\" data-widget_type=\"text-editor.default\">\n\t\t\t\t<div class=\"elementor-widget-container\">\n\t\t\t\t\t\t\t\t\t<p>N\u00e5r der skrives faktura, kommer der ikke alle mulige ekstra till\u00e6g p\u00e5 de daglige maskiner og v\u00e6rkt\u00f8j <br \/>&#8211; <strong>det er med i timeprisen.<\/strong><\/p>\t\t\t\t\t\t\t\t<\/div>\n\t\t\t\t<\/div>\n\t\t\t\t\t<\/div>\n\t\t\t\t<\/div>\n\t\t\t\t<\/div>\n\t\t","protected":false},"excerpt":{"rendered":"<p>Dykkerfirmaet Frank Larsen Vi har v\u00e6ret her i 40 \u00e5r, og n\u00e5r vi kommer med landets st\u00f8rste og mest veludrustede lastbil, s\u00e5 har vi alt grejet med.&#8211; Vi skal ikke hjem og hente ekstra grej. Vi kan vores ting. Vi har aldrig v\u00e6ret konkurs eller snydt nogen. Se video om vores 10 m lastbil Se [&hellip;]<\/p>\n","protected":false},"author":1,"featured_media":0,"parent":0,"menu_order":0,"comment_status":"closed","ping_status":"closed","template":"","meta":{"footnotes":""},"class_list":["post-10","page","type-page","status-publish","hentry"],"_links":{"self":[{"href":"https:\/\/dykkerfranklarsen.dk\/index.php\/wp-json\/wp\/v2\/pages\/10","targetHints":{"allow":["GET"]}}],"collection":[{"href":"https:\/\/dykkerfranklarsen.dk\/index.php\/wp-json\/wp\/v2\/pages"}],"about":[{"href":"https:\/\/dykkerfranklarsen.dk\/index.php\/wp-json\/wp\/v2\/types\/page"}],"author":[{"embeddable":true,"href":"https:\/\/dykkerfranklarsen.dk\/index.php\/wp-json\/wp\/v2\/users\/1"}],"replies":[{"embeddable":true,"href":"https:\/\/dykkerfranklarsen.dk\/index.php\/wp-json\/wp\/v2\/comments?post=10"}],"version-history":[{"count":63,"href":"https:\/\/dykkerfranklarsen.dk\/index.php\/wp-json\/wp\/v2\/pages\/10\/revisions"}],"predecessor-version":[{"id":390,"href":"https:\/\/dykkerfranklarsen.dk\/index.php\/wp-json\/wp\/v2\/pages\/10\/revisions\/390"}],"wp:attachment":[{"href":"https:\/\/dykkerfranklarsen.dk\/index.php\/wp-json\/wp\/v2\/media?parent=10"}],"curies":[{"name":"wp","href":"https:\/\/api.w.org\/{rel}","templated":true}]}}